{"id":728,"date":"2013-09-16T11:06:58","date_gmt":"2013-09-16T09:06:58","guid":{"rendered":"http:\/\/grama-gs.si\/?page_id=728"},"modified":"2016-05-06T10:48:31","modified_gmt":"2016-05-06T08:48:31","slug":"o-nama-2","status":"publish","type":"page","link":"https:\/\/grama-gs.si\/hr\/o-nama-2\/","title":{"rendered":"o nama"},"content":{"rendered":"<div style=\"margin-bottom: 30px;\">\nOd 2000 godine proizvodimo tehni\u010dki savr\u0161ene i ekolo\u0161ki neprijeporne proizvode jer smo svjesni da mo\u017eemo na trgu dugoro\u010dno opstati samo uz visoku kvalitetu, primjerenu cijenu, proizvod koji je prijazan prema okoli\u0161u i ne \u0161teti ozonu te s odgovornim odnosom prema kupcu. Uz proizvod kupcu nudimo i tehni\u010dku potporu.\n<\/div>\n<div style=\"float: left; padding-right: 100px;\">\n<strong>Eugen God (direktor)<\/strong><\/p>\n<ul>\n<li>Telefon:      +386 5 730 4563<\/li>\n<li>GSM:         +386 31 583 553<\/li>\n<li>E-po\u0161ta:  <a href=\"mailto:eugen.god@grama.si\">eugen.god@grama.si<\/a><\/li>\n<\/ul>\n<\/div>\n<div style=\"float: left; padding-right: 100px;\">\n<strong>ing. Maks \u0160ajina (vo\u0111a razvoja)<\/strong><\/p>\n<ul>\n<li>Telefon:   +386 5 620 2321<\/li>\n<li>GSM:      +386 41 363 321<\/li>\n<li>E-po\u0161ta:  <a href=\"mailto:maks.sajina@grama.si\">maks.sajina@grama.si<\/a><\/li>\n<\/ul>\n<\/div>\n<div style=\"float: left;\">\n<strong>Simon God (vo\u0111a proizvodnje)<\/strong><\/p>\n<ul>\n<li>Telefon:  +386 5 620 2320<\/li>\n<li>GSM:     +386 40 670 862<\/li>\n<li>E-po\u0161ta:  <a href=\"mailto:simon.god@grama.si\">simon.god@grama.si<\/a><\/li>\n<\/ul>\n<\/div>\n<div style=\"clear: both;\">\n<ul>\n<li><strong>Puni naziv:<\/strong> GRAMA GS, zastopanje, posredovanje in proizvodnja ter notranja trgovina d.o.o.<\/li>\n<li><strong>Sredi\u0161njica poduze\u0107a:<\/strong> Kra\u0161ka ulica 4, 6210 Se\u017eana<\/li>\n<li><strong>Mati\u010dni broj:<\/strong> 3747158000<\/li>\n<li><strong>Porezni broj (OIB):<\/strong> SI50914456<\/li>\n<li><strong>\u017diro ra\u010dun:<\/strong> IBAN SI56 1010 0005 1900 136 (BANKA KOPER d.d.)<br \/>\n<span style=\"padding-left:72px;\"><\/span><\/li>\n<\/ul>\n<\/div>\n","protected":false},"excerpt":{"rendered":"<p>Od 2000 godine proizvodimo tehni\u010dki savr\u0161ene i ekolo\u0161ki neprijeporne proizvode jer smo svjesni da mo\u017eemo na trgu dugoro\u010dno opstati samo uz visoku kvalitetu, primjerenu cijenu, proizvod koji je prijazan prema okoli\u0161u i ne \u0161teti ozonu te s odgovornim odnosom prema kupcu. Uz proizvod kupcu nudimo i tehni\u010dku potporu. Eugen God (direktor) Telefon: +386 5 730 [&hellip;]<\/p>\n","protected":false},"author":1,"featured_media":0,"parent":0,"menu_order":0,"comment_status":"closed","ping_status":"closed","template":"template-fullwidth.php","meta":{"footnotes":""},"class_list":["post-728","page","type-page","status-publish","hentry"],"_links":{"self":[{"href":"https:\/\/grama-gs.si\/hr\/wp-json\/wp\/v2\/pages\/728","targetHints":{"allow":["GET"]}}],"collection":[{"href":"https:\/\/grama-gs.si\/hr\/wp-json\/wp\/v2\/pages"}],"about":[{"href":"https:\/\/grama-gs.si\/hr\/wp-json\/wp\/v2\/types\/page"}],"author":[{"embeddable":true,"href":"https:\/\/grama-gs.si\/hr\/wp-json\/wp\/v2\/users\/1"}],"replies":[{"embeddable":true,"href":"https:\/\/grama-gs.si\/hr\/wp-json\/wp\/v2\/comments?post=728"}],"version-history":[{"count":0,"href":"https:\/\/grama-gs.si\/hr\/wp-json\/wp\/v2\/pages\/728\/revisions"}],"wp:attachment":[{"href":"https:\/\/grama-gs.si\/hr\/wp-json\/wp\/v2\/media?parent=728"}],"curies":[{"name":"wp","href":"https:\/\/api.w.org\/{rel}","templated":true}]}}