{"id":721,"date":"2013-09-16T11:04:16","date_gmt":"2013-09-16T09:04:16","guid":{"rendered":"http:\/\/grama-gs.si\/?page_id=721"},"modified":"2016-05-06T10:43:34","modified_gmt":"2016-05-06T08:43:34","slug":"uber-uns-2","status":"publish","type":"page","link":"https:\/\/grama-gs.si\/de\/uber-uns-2\/","title":{"rendered":"\u00fcber uns"},"content":{"rendered":"<div style=\"margin-bottom: 30px;\">Seit 2000 Produzieren wir technisch vollendete und \u00f6kologisch einwandfreie Produkte, weil wir uns bewusst sind, dass unser Bestehen am Markt langfristig nur durch h\u00f6chste Qualit\u00e4t, fairen Preis, Umweltfreundlichkeit und Ozon-Unsch\u00e4dlichkeit sowie durch die verantwortungsvolle Kundenbeziehung gesichert ist. Zus\u00e4tzlich zum Produkt bieten wir auch technische Unterst\u00fctzung f\u00fcr den Kunden.<\/div>\n<div style=\"float: left; padding-right: 100px;\"><strong>Eugen God (Gesch\u00e4ftsf\u00fchrer)<\/strong><\/p>\n<ul>\n<li>Telefon: +386 5 730 4563<\/li>\n<li>Mobil: +386 31 583 553<\/li>\n<li>E-mail: <a href=\"mailto:eugen.god@grama.si\">eugen.god@grama.si<\/a><\/li>\n<\/ul>\n<\/div>\n<div style=\"float: left; padding-right: 100px;\"><strong>ing. Maks \u0160ajina (Entwicklungsleiter)<\/strong><\/p>\n<ul>\n<li>Telefon: +386 5 620 2321<\/li>\n<li>Mobil: +386 41 363 321<\/li>\n<li>E-mail: <a href=\"mailto:maks.sajina@grama.si\">maks.sajina@grama.si<\/a><\/li>\n<\/ul>\n<\/div>\n<div style=\"float: left;\"><strong>Simon God (Produktionsleiter)<\/strong><\/p>\n<ul>\n<li>Telefon: +386 5 620 2320<\/li>\n<li>Mobil: +386 40 670 862<\/li>\n<li>E-mail: <a href=\"mailto:simon.god@grama.si\">simon.god@grama.si<\/a><\/li>\n<\/ul>\n<\/div>\n<div style=\"clear: both;\">\n<ul>\n<li><strong>Vollst\u00e4ndige Firmenbezeichnung:<\/strong> GRAMA GS, zastopanje, posredovanje in proizvodnja ter notranja trgovina d.o.o.<\/li>\n<li><strong>Sitz des Unternehmens:<\/strong> Kra\u0161ka ulica 4, 6210 Se\u017eana<\/li>\n<li><strong>Firmennummer:<\/strong> 3747158000<\/li>\n<li><strong>Steuernummer:<\/strong> SI50914456<\/li>\n<li><strong>Kto:<\/strong> IBAN SI56 1010 0005 1900 136 (BANKA KOPER d.d.)<br \/>\n<span style=\"padding-left: 29px;\"><\/span><\/li>\n<\/ul>\n<\/div>\n","protected":false},"excerpt":{"rendered":"<p>Seit 2000 Produzieren wir technisch vollendete und \u00f6kologisch einwandfreie Produkte, weil wir uns bewusst sind, dass unser Bestehen am Markt langfristig nur durch h\u00f6chste Qualit\u00e4t, fairen Preis, Umweltfreundlichkeit und Ozon-Unsch\u00e4dlichkeit sowie durch die verantwortungsvolle Kundenbeziehung gesichert ist. Zus\u00e4tzlich zum Produkt bieten wir auch technische Unterst\u00fctzung f\u00fcr den Kunden. Eugen God (Gesch\u00e4ftsf\u00fchrer) Telefon: +386 5 730 [&hellip;]<\/p>\n","protected":false},"author":1,"featured_media":0,"parent":0,"menu_order":0,"comment_status":"closed","ping_status":"closed","template":"template-fullwidth.php","meta":{"footnotes":""},"class_list":["post-721","page","type-page","status-publish","hentry"],"_links":{"self":[{"href":"https:\/\/grama-gs.si\/de\/wp-json\/wp\/v2\/pages\/721","targetHints":{"allow":["GET"]}}],"collection":[{"href":"https:\/\/grama-gs.si\/de\/wp-json\/wp\/v2\/pages"}],"about":[{"href":"https:\/\/grama-gs.si\/de\/wp-json\/wp\/v2\/types\/page"}],"author":[{"embeddable":true,"href":"https:\/\/grama-gs.si\/de\/wp-json\/wp\/v2\/users\/1"}],"replies":[{"embeddable":true,"href":"https:\/\/grama-gs.si\/de\/wp-json\/wp\/v2\/comments?post=721"}],"version-history":[{"count":0,"href":"https:\/\/grama-gs.si\/de\/wp-json\/wp\/v2\/pages\/721\/revisions"}],"wp:attachment":[{"href":"https:\/\/grama-gs.si\/de\/wp-json\/wp\/v2\/media?parent=721"}],"curies":[{"name":"wp","href":"https:\/\/api.w.org\/{rel}","templated":true}]}}